{"id":3,"date":"2018-11-10T16:28:36","date_gmt":"2018-11-10T16:28:36","guid":{"rendered":"https:\/\/carimboletterpress.com.br\/loja\/?page_id=3"},"modified":"2020-06-30T14:52:27","modified_gmt":"2020-06-30T17:52:27","slug":"privacy-policy","status":"publish","type":"page","link":"https:\/\/carimboletterpress.com.br\/loja\/privacy-policy\/","title":{"rendered":"Pol\u00edtica de privacidade"},"content":{"rendered":"<div class=\"wpb-content-wrapper\"><p>[vc_row css=&#8221;.vc_custom_1542544196199{margin-top: 30px !important;}&#8221;][vc_column][vc_column_text]A garantia da confidencialidade dos dados pessoais dos utilizadores do nosso site \u00e9 imperativa para n\u00f3s. Ademais, para fins de publicidade e an\u00e1lise de m\u00e9tricas\u00a0este website utiliza <em>cookies<\/em> do Google.<\/p>\n<p>Todas as informa\u00e7\u00f5es recolhidas durante sua visita ou aquelas enviadas pelos formul\u00e1rios de contato ser\u00e3o tratadas de maneira absolutamente sigilosa para finalidade exclusiva de atendimento e\u00a0em concord\u00e2ncia do Marco Civil da Internet no Brasil e o C\u00f3digo de Defesa do Consumidor.<\/p>\n<p>Voc\u00ea pode solicitar um arquivo exportado dos dados pessoais que mantemos sobre voc\u00ea, inclusive quaisquer dados que nos tenha fornecido. Tamb\u00e9m pode solicitar que removamos qualquer dado pessoal que mantemos sobre voc\u00ea. Isto n\u00e3o inclui nenhuns dados que somos obrigados a manter para prop\u00f3sitos administrativos, legais ou de seguran\u00e7a.<\/p>\n<p>Google \/ Web Fonts<\/p>\n<p>Para uma representa\u00e7\u00e3o uniforme de fontes, esta p\u00e1gina usa fontes da Web fornecidas pelo Google. Quando voc\u00ea abre uma p\u00e1gina, o navegador carrega as fontes da Web necess\u00e1rias no cache do navegador para exibir textos e fontes corretamente.<\/p>\n<p>Para isso, seu navegador precisa estabelecer uma conex\u00e3o direta com os servidores do Google. Google, assim, torna-se ciente de que a nossa p\u00e1gina web foi acessada atrav\u00e9s do seu endere\u00e7o IP. O uso de fontes do Google Web \u00e9 feito no interesse de uma apresenta\u00e7\u00e3o uniforme e atraente do nosso plugin. Isso constitui um interesse justificado nos termos do art. 6 (1) (f) DSGVO.<\/p>\n<p>Se o seu navegador n\u00e3o suporta fontes da web, uma fonte padr\u00e3o \u00e9 usada pelo seu computador.<\/p>\n<p>Mais informa\u00e7\u00f5es sobre o tratamento de dados do usu\u00e1rio podem ser encontradas em https:\/\/developers.google.com\/fonts\/faq e na pol\u00edtica de privacidade do Google em https:\/\/www.google.com\/policies\/privacy\/.[\/vc_column_text][\/vc_column][\/vc_row]<\/p>\n<\/div>","protected":false},"excerpt":{"rendered":"<p class=\"card-text\">[vc_row css=&#8221;.vc_custom_1542544196199{margin-top: 30px !important;}&#8221;][vc_column][vc_column_text]A garantia da confidencialidade dos dados pessoais dos utilizadores do nosso site \u00e9 imperativa para n\u00f3s. Ademais, para fins de publicidade e an\u00e1lise de m\u00e9tricas\u00a0este website utiliza cookies do Google. Todas as informa\u00e7\u00f5es recolhidas durante sua visita ou aquelas enviadas pelos formul\u00e1rios de contato ser\u00e3o tratadas de maneira absolutamente sigilosa para finalidade [&#8230;]<\/p>\n<p class=\"m-0\"><a class=\"btn btn-outline-secondary btn-read-more\" href=\"https:\/\/carimboletterpress.com.br\/loja\/privacy-policy\/\">Read More<\/a><\/p>\n","protected":false},"author":1,"featured_media":0,"parent":0,"menu_order":0,"comment_status":"closed","ping_status":"open","template":"","meta":{"footnotes":""},"class_list":["post-3","page","type-page","status-publish","hentry"],"_links":{"self":[{"href":"https:\/\/carimboletterpress.com.br\/loja\/wp-json\/wp\/v2\/pages\/3","targetHints":{"allow":["GET"]}}],"collection":[{"href":"https:\/\/carimboletterpress.com.br\/loja\/wp-json\/wp\/v2\/pages"}],"about":[{"href":"https:\/\/carimboletterpress.com.br\/loja\/wp-json\/wp\/v2\/types\/page"}],"author":[{"embeddable":true,"href":"https:\/\/carimboletterpress.com.br\/loja\/wp-json\/wp\/v2\/users\/1"}],"replies":[{"embeddable":true,"href":"https:\/\/carimboletterpress.com.br\/loja\/wp-json\/wp\/v2\/comments?post=3"}],"version-history":[{"count":4,"href":"https:\/\/carimboletterpress.com.br\/loja\/wp-json\/wp\/v2\/pages\/3\/revisions"}],"predecessor-version":[{"id":15821,"href":"https:\/\/carimboletterpress.com.br\/loja\/wp-json\/wp\/v2\/pages\/3\/revisions\/15821"}],"wp:attachment":[{"href":"https:\/\/carimboletterpress.com.br\/loja\/wp-json\/wp\/v2\/media?parent=3"}],"curies":[{"name":"wp","href":"https:\/\/api.w.org\/{rel}","templated":true}]}}