{"id":548,"date":"2018-11-11T12:36:54","date_gmt":"2018-11-11T14:36:54","guid":{"rendered":"https:\/\/carimboletterpress.com.br\/loja\/?page_id=548"},"modified":"2018-11-13T17:56:12","modified_gmt":"2018-11-13T19:56:12","slug":"ajuda","status":"publish","type":"page","link":"https:\/\/carimboletterpress.com.br\/loja\/ajuda\/","title":{"rendered":"Ajuda"},"content":{"rendered":"<div class=\"wpb-content-wrapper\"><p>[vc_row css=&#8221;.vc_custom_1542034102916{margin-top: 30px !important;}&#8221;][vc_column width=&#8221;2\/3&#8243;][vc_column_text]Trabalhamos exclusivamente com letterpress (desde 2009) e todos os produtos s\u00e3o impressos um a um, uma cor de cada vez. Voc\u00ea pode conhecer um pouquinho mais do processo conferindo estes videos:<\/p>\n<p>&#8211; <a href=\"https:\/\/goo.gl\/reOsXt\">Bolandeira<\/a><br \/>\n&#8211; <a href=\"https:\/\/goo.gl\/z4iYPe\">Stellarum<\/a><\/p>\n<p>Voc\u00ea tamb\u00e9m pode visitar nossos perfis no <a href=\"https:\/\/www.instagram.com\/carimbo\">Instagram<\/a> ou <a href=\"http:\/\/facebook.com\/estudio.carimbo\/\">Facebook<\/a> para acompanhar um pouco do dia a dia ou ver mais exemplos de trabalhos que j\u00e1 realizamos durante todo este tempo.<\/p>\n<h6>SOB DEMANDA<\/h6>\n<p>Os cart\u00f5es de visita apresentados aqui na loja s\u00e3o feitos sob demanda. Voc\u00ea precisa nos enviar um arquivo arte-finalizado, pronto para ser impresso.<\/p>\n<p>Escolha as op\u00e7\u00f5es pap\u00e9is dispon\u00edveis. Dentro de cada uma podem existir varia\u00e7\u00f5es de espessura, quantidade e acabamento.\u00a0Ao realizar a compra lhe enviaremos por e-mail um gabarito com todas as informa\u00e7\u00f5es para que voc\u00ea possa nos mandar o arquivo final.<\/p>\n<p>O prazo para postagem \u00e9 de 15 dias \u00fateis \u00e0 partir do envio \/ aprova\u00e7\u00e3o da arte.<\/p>\n<h6>PRONTA ENTREGA<\/h6>\n<p>J\u00e1 os caderninhos, blocos, cartazes e cart\u00f5es sociais encontram-se em estoque para pronta entrega. Basta escolher, verficar as op\u00e7\u00f5es de cores quando existentes, e clicar em comprar. Visualizando o seu carrinho voc\u00ea tamb\u00e9m poder\u00e1 alterar as quantidades e consultar op\u00e7\u00f5es de envio.<\/p>\n<p>Enviaremos seu pedido em at\u00e9 tr\u00eas dias \u00fateis depois da confirma\u00e7\u00e3o do seu pagamento.\u00a0Quando ele for postado, mandamos o c\u00f3digo de rastreamento para voc\u00ea acompanhar o andamento no site dos Correios.<\/p>\n<p>Voc\u00ea tamb\u00e9m pode conferir o staus do seu pedido fazendo o login em sua conta: verificando se o pagamento foi confirmado, se o pedido j\u00e1 foi postado e acompanh\u00e1-lo pelo c\u00f3digo de rastreio.<\/p>\n<p><em>Importante: se voc\u00ea comprar um produto \u2018pronta entrega\u2019 junto com produto \u2018sob demanda\u2018 n\u00f3s teremos que enviar seu pedido completo considerando o prazo maior, de 15 dias \u00fateis.<\/em><\/p>\n<h6>PRIVACIDADE<\/h6>\n<p>Mantemos sigilo absoluto de todas as informa\u00e7\u00f5es fornecidas por nossos clientes. Durante a opera\u00e7\u00e3o de compra, os dados fornecidos s\u00e3o tratados de forma sigilosa e segura pelo PagSeguro.<\/p>\n<h6>D\u00daVIDAS?<\/h6>\n<p>Entre em contato utilizando o formul\u00e1rio.[\/vc_column_text][\/vc_column][vc_column width=&#8221;1\/3&#8243;][vc_column_text]Est\u00fadio Carimbo Letterpress<br \/>\nCNPJ 07.112.290.0001-04<\/p>\n<p>Rua Campevas, 146<br \/>\nS\u00e3o Paulo, Brasil<br \/>\n05016-010<br \/>\n(11) 3494-6788<\/p>\n<p>Caso prefira nos enviar uma mensagem, por favor, utilize o formul\u00e1rio a seguir:[\/vc_column_text]\n<div class=\"wpcf7 no-js\" id=\"wpcf7-f6-o1\" lang=\"pt-BR\" dir=\"ltr\" data-wpcf7-id=\"6\">\n<div class=\"screen-reader-response\"><p role=\"status\" aria-live=\"polite\" aria-atomic=\"true\"><\/p> <ul><\/ul><\/div>\n<form action=\"\/loja\/wp-json\/wp\/v2\/pages\/548#wpcf7-f6-o1\" method=\"post\" class=\"wpcf7-form init\" aria-label=\"Formul\u00e1rios de contato\" novalidate=\"novalidate\" data-status=\"init\">\n<fieldset class=\"hidden-fields-container\"><input type=\"hidden\" name=\"_wpcf7\" value=\"6\" \/><input type=\"hidden\" name=\"_wpcf7_version\" value=\"6.1.2\" \/><input type=\"hidden\" name=\"_wpcf7_locale\" value=\"pt_BR\" \/><input type=\"hidden\" name=\"_wpcf7_unit_tag\" value=\"wpcf7-f6-o1\" \/><input type=\"hidden\" name=\"_wpcf7_container_post\" value=\"0\" \/><input type=\"hidden\" name=\"_wpcf7_posted_data_hash\" value=\"\" \/><input type=\"hidden\" name=\"_wpcf7_recaptcha_response\" value=\"\" \/>\n<\/fieldset>\n<p><label> Seu nome (obrigat\u00f3rio)<br \/>\n<span class=\"wpcf7-form-control-wrap\" data-name=\"your-name\"><input size=\"40\" maxlength=\"400\" class=\"wpcf7-form-control wpcf7-text wpcf7-validates-as-required\" aria-required=\"true\" aria-invalid=\"false\" value=\"\" type=\"text\" name=\"your-name\" \/><\/span> <\/label>\n<\/p>\n<p><label> Seu e-mail (obrigat\u00f3rio)<br \/>\n<span class=\"wpcf7-form-control-wrap\" data-name=\"your-email\"><input size=\"40\" maxlength=\"400\" class=\"wpcf7-form-control wpcf7-email wpcf7-validates-as-required wpcf7-text wpcf7-validates-as-email\" aria-required=\"true\" aria-invalid=\"false\" value=\"\" type=\"email\" name=\"your-email\" \/><\/span> <\/label>\n<\/p>\n<p><label> Assunto<br \/>\n<span class=\"wpcf7-form-control-wrap\" data-name=\"your-subject\"><input size=\"40\" maxlength=\"400\" class=\"wpcf7-form-control wpcf7-text\" aria-invalid=\"false\" value=\"\" type=\"text\" name=\"your-subject\" \/><\/span> <\/label>\n<\/p>\n<p><label> Sua mensagem<br \/>\n<span class=\"wpcf7-form-control-wrap\" data-name=\"your-message\"><textarea cols=\"40\" rows=\"4\" maxlength=\"2000\" class=\"wpcf7-form-control wpcf7-textarea\" aria-invalid=\"false\" name=\"your-message\"><\/textarea><\/span> <\/label>\n<\/p>\n\n<p><input class=\"wpcf7-form-control wpcf7-submit has-spinner\" type=\"submit\" value=\"Enviar\" \/>\n<\/p><div class=\"wpcf7-response-output\" aria-hidden=\"true\"><\/div>\n<\/form>\n<\/div>\n[\/vc_column][\/vc_row]<\/p>\n<\/div>","protected":false},"excerpt":{"rendered":"<p class=\"card-text\">[vc_row css=&#8221;.vc_custom_1542034102916{margin-top: 30px !important;}&#8221;][vc_column width=&#8221;2\/3&#8243;][vc_column_text]Trabalhamos exclusivamente com letterpress (desde 2009) e todos os produtos s\u00e3o impressos um a um, uma cor de cada vez. Voc\u00ea pode conhecer um pouquinho mais do processo conferindo estes videos: &#8211; Bolandeira &#8211; Stellarum Voc\u00ea tamb\u00e9m pode visitar nossos perfis no Instagram ou Facebook para acompanhar um pouco do dia [&#8230;]<\/p>\n<p class=\"m-0\"><a class=\"btn btn-outline-secondary btn-read-more\" href=\"https:\/\/carimboletterpress.com.br\/loja\/ajuda\/\">Read More<\/a><\/p>\n","protected":false},"author":1,"featured_media":0,"parent":0,"menu_order":0,"comment_status":"closed","ping_status":"closed","template":"","meta":{"footnotes":""},"class_list":["post-548","page","type-page","status-publish","hentry"],"_links":{"self":[{"href":"https:\/\/carimboletterpress.com.br\/loja\/wp-json\/wp\/v2\/pages\/548","targetHints":{"allow":["GET"]}}],"collection":[{"href":"https:\/\/carimboletterpress.com.br\/loja\/wp-json\/wp\/v2\/pages"}],"about":[{"href":"https:\/\/carimboletterpress.com.br\/loja\/wp-json\/wp\/v2\/types\/page"}],"author":[{"embeddable":true,"href":"https:\/\/carimboletterpress.com.br\/loja\/wp-json\/wp\/v2\/users\/1"}],"replies":[{"embeddable":true,"href":"https:\/\/carimboletterpress.com.br\/loja\/wp-json\/wp\/v2\/comments?post=548"}],"version-history":[{"count":8,"href":"https:\/\/carimboletterpress.com.br\/loja\/wp-json\/wp\/v2\/pages\/548\/revisions"}],"predecessor-version":[{"id":15819,"href":"https:\/\/carimboletterpress.com.br\/loja\/wp-json\/wp\/v2\/pages\/548\/revisions\/15819"}],"wp:attachment":[{"href":"https:\/\/carimboletterpress.com.br\/loja\/wp-json\/wp\/v2\/media?parent=548"}],"curies":[{"name":"wp","href":"https:\/\/api.w.org\/{rel}","templated":true}]}}