{"id":101,"date":"2018-11-16T19:33:42","date_gmt":"2018-11-16T21:33:42","guid":{"rendered":"https:\/\/carimboletterpress.com.br\/loja\/?post_type=product&#038;p=101"},"modified":"2021-05-12T15:46:12","modified_gmt":"2021-05-12T18:46:12","slug":"aqui-tem-amor","status":"publish","type":"product","link":"https:\/\/carimboletterpress.com.br\/loja\/produto\/aqui-tem-amor\/","title":{"rendered":"Aqui Tem Amor"},"content":{"rendered":"<p>&nbsp;<\/p>\n<p>Formato: 33 x 48 cm<br \/>\nPapel: Verge 80 g\/m\u00b2 \u2013 5 op\u00e7\u00f5es de cores<\/p>\n","protected":false},"excerpt":{"rendered":"<p class=\"card-text\">Mini Lambe-Lambe com impress\u00e3o tipogr\u00e1fica feita com antigos tipos m\u00f3veis de madeira e clich\u00ea em lin\u00f3leo, gravado \u00e0 m\u00e3o. Gradiente em duas cores. [&#8230;]<\/p>\n<p class=\"m-0\"><a class=\"btn btn-outline-secondary btn-read-more\" href=\"https:\/\/carimboletterpress.com.br\/loja\/produto\/aqui-tem-amor\/\">Read More<\/a><\/p>\n","protected":false},"featured_media":530,"template":"","meta":[],"product_brand":[],"product_cat":[16],"product_tag":[],"class_list":{"0":"post-101","1":"product","2":"type-product","3":"status-publish","4":"has-post-thumbnail","6":"product_cat-cartazes","8":"first","9":"instock","10":"shipping-taxable","11":"purchasable","12":"product-type-simple"},"_links":{"self":[{"href":"https:\/\/carimboletterpress.com.br\/loja\/wp-json\/wp\/v2\/product\/101","targetHints":{"allow":["GET"]}}],"collection":[{"href":"https:\/\/carimboletterpress.com.br\/loja\/wp-json\/wp\/v2\/product"}],"about":[{"href":"https:\/\/carimboletterpress.com.br\/loja\/wp-json\/wp\/v2\/types\/product"}],"wp:featuredmedia":[{"embeddable":true,"href":"https:\/\/carimboletterpress.com.br\/loja\/wp-json\/wp\/v2\/media\/530"}],"wp:attachment":[{"href":"https:\/\/carimboletterpress.com.br\/loja\/wp-json\/wp\/v2\/media?parent=101"}],"wp:term":[{"taxonomy":"product_brand","embeddable":true,"href":"https:\/\/carimboletterpress.com.br\/loja\/wp-json\/wp\/v2\/product_brand?post=101"},{"taxonomy":"product_cat","embeddable":true,"href":"https:\/\/carimboletterpress.com.br\/loja\/wp-json\/wp\/v2\/product_cat?post=101"},{"taxonomy":"product_tag","embeddable":true,"href":"https:\/\/carimboletterpress.com.br\/loja\/wp-json\/wp\/v2\/product_tag?post=101"}],"curies":[{"name":"wp","href":"https:\/\/api.w.org\/{rel}","templated":true}]}}