{"id":104,"date":"2018-10-17T20:09:14","date_gmt":"2018-10-17T20:09:14","guid":{"rendered":"https:\/\/carimboletterpress.com.br\/loja\/?post_type=product&#038;p=104"},"modified":"2018-11-13T18:15:16","modified_gmt":"2018-11-13T20:15:16","slug":"choo-choo","status":"publish","type":"product","link":"https:\/\/carimboletterpress.com.br\/loja\/produto\/choo-choo\/","title":{"rendered":"Choo Choo"},"content":{"rendered":"<p>&nbsp;<\/p>\n<p>Formato: 23 x 33 cm<br \/>\nPapel: Keaykolour 250 g\/m\u00b2<\/p>\n","protected":false},"excerpt":{"rendered":"<p class=\"card-text\">Todos a bordo!<br \/>\nImpress\u00e3o tipogr\u00e1fica com tipos m\u00f3veis de madeira, clich\u00ea, e madeira! Gradiente mais duas cores, impressos individualmente na nossa Minerva. [&#8230;]<\/p>\n<p class=\"m-0\"><a class=\"btn btn-outline-secondary btn-read-more\" href=\"https:\/\/carimboletterpress.com.br\/loja\/produto\/choo-choo\/\">Read More<\/a><\/p>\n","protected":false},"featured_media":536,"template":"","meta":[],"product_brand":[],"product_cat":[16],"product_tag":[],"class_list":{"0":"post-104","1":"product","2":"type-product","3":"status-publish","4":"has-post-thumbnail","6":"product_cat-cartazes","8":"first","9":"instock","10":"shipping-taxable","11":"purchasable","12":"product-type-simple"},"_links":{"self":[{"href":"https:\/\/carimboletterpress.com.br\/loja\/wp-json\/wp\/v2\/product\/104","targetHints":{"allow":["GET"]}}],"collection":[{"href":"https:\/\/carimboletterpress.com.br\/loja\/wp-json\/wp\/v2\/product"}],"about":[{"href":"https:\/\/carimboletterpress.com.br\/loja\/wp-json\/wp\/v2\/types\/product"}],"wp:featuredmedia":[{"embeddable":true,"href":"https:\/\/carimboletterpress.com.br\/loja\/wp-json\/wp\/v2\/media\/536"}],"wp:attachment":[{"href":"https:\/\/carimboletterpress.com.br\/loja\/wp-json\/wp\/v2\/media?parent=104"}],"wp:term":[{"taxonomy":"product_brand","embeddable":true,"href":"https:\/\/carimboletterpress.com.br\/loja\/wp-json\/wp\/v2\/product_brand?post=104"},{"taxonomy":"product_cat","embeddable":true,"href":"https:\/\/carimboletterpress.com.br\/loja\/wp-json\/wp\/v2\/product_cat?post=104"},{"taxonomy":"product_tag","embeddable":true,"href":"https:\/\/carimboletterpress.com.br\/loja\/wp-json\/wp\/v2\/product_tag?post=104"}],"curies":[{"name":"wp","href":"https:\/\/api.w.org\/{rel}","templated":true}]}}