{"id":110,"date":"2018-10-17T20:29:27","date_gmt":"2018-10-17T20:29:27","guid":{"rendered":"https:\/\/carimboletterpress.com.br\/loja\/?post_type=product&#038;p=110"},"modified":"2021-05-08T11:37:47","modified_gmt":"2021-05-08T14:37:47","slug":"ja-era-amor-antes-de-ser","status":"publish","type":"product","link":"https:\/\/carimboletterpress.com.br\/loja\/produto\/ja-era-amor-antes-de-ser\/","title":{"rendered":"J\u00e1 era amor antes de ser"},"content":{"rendered":"<p>&nbsp;<\/p>\n<p>Formato: 33 x 48 cm<br \/>\nPapel: Verge 80 g\/m\u00b2 \u2013 5 op\u00e7\u00f5es de cores<\/p>\n","protected":false},"excerpt":{"rendered":"<p class=\"card-text\">Impress\u00e3o em letterpress com antigos tipos m\u00f3veis de madeira e clich\u00ea em lin\u00f3leo. Gradiente em duas cores. [&#8230;]<\/p>\n<p class=\"m-0\"><a class=\"btn btn-outline-secondary btn-read-more\" href=\"https:\/\/carimboletterpress.com.br\/loja\/produto\/ja-era-amor-antes-de-ser\/\">Read More<\/a><\/p>\n","protected":false},"featured_media":541,"template":"","meta":[],"product_brand":[],"product_cat":[16],"product_tag":[],"class_list":{"0":"post-110","1":"product","2":"type-product","3":"status-publish","4":"has-post-thumbnail","6":"product_cat-cartazes","8":"first","9":"outofstock","10":"shipping-taxable","11":"purchasable","12":"product-type-simple"},"_links":{"self":[{"href":"https:\/\/carimboletterpress.com.br\/loja\/wp-json\/wp\/v2\/product\/110","targetHints":{"allow":["GET"]}}],"collection":[{"href":"https:\/\/carimboletterpress.com.br\/loja\/wp-json\/wp\/v2\/product"}],"about":[{"href":"https:\/\/carimboletterpress.com.br\/loja\/wp-json\/wp\/v2\/types\/product"}],"wp:featuredmedia":[{"embeddable":true,"href":"https:\/\/carimboletterpress.com.br\/loja\/wp-json\/wp\/v2\/media\/541"}],"wp:attachment":[{"href":"https:\/\/carimboletterpress.com.br\/loja\/wp-json\/wp\/v2\/media?parent=110"}],"wp:term":[{"taxonomy":"product_brand","embeddable":true,"href":"https:\/\/carimboletterpress.com.br\/loja\/wp-json\/wp\/v2\/product_brand?post=110"},{"taxonomy":"product_cat","embeddable":true,"href":"https:\/\/carimboletterpress.com.br\/loja\/wp-json\/wp\/v2\/product_cat?post=110"},{"taxonomy":"product_tag","embeddable":true,"href":"https:\/\/carimboletterpress.com.br\/loja\/wp-json\/wp\/v2\/product_tag?post=110"}],"curies":[{"name":"wp","href":"https:\/\/api.w.org\/{rel}","templated":true}]}}