{"id":112,"date":"2018-10-24T20:32:58","date_gmt":"2018-10-24T23:32:58","guid":{"rendered":"https:\/\/carimboletterpress.com.br\/loja\/?post_type=product&#038;p=112"},"modified":"2018-11-13T18:00:54","modified_gmt":"2018-11-13T20:00:54","slug":"mais-ramones-por-favor","status":"publish","type":"product","link":"https:\/\/carimboletterpress.com.br\/loja\/produto\/mais-ramones-por-favor\/","title":{"rendered":"Mais Ramones por favor"},"content":{"rendered":"<p>&nbsp;<\/p>\n<p>Formato: 33 x 48 cm<br \/>\nPapel: Color Plus 80 g\/m\u00b2<\/p>\n","protected":false},"excerpt":{"rendered":"<p class=\"card-text\">Vamos falar a verdade: mais Ramones sempre \u00e9 melhor.<br \/>\nImpress\u00e3o tipogr\u00e1fica com tipos m\u00f3veis de madeira e gradiente em duas cores. [&#8230;]<\/p>\n<p class=\"m-0\"><a class=\"btn btn-outline-secondary btn-read-more\" href=\"https:\/\/carimboletterpress.com.br\/loja\/produto\/mais-ramones-por-favor\/\">Read More<\/a><\/p>\n","protected":false},"featured_media":542,"template":"","meta":[],"product_brand":[],"product_cat":[16],"product_tag":[],"class_list":{"0":"post-112","1":"product","2":"type-product","3":"status-publish","4":"has-post-thumbnail","6":"product_cat-cartazes","8":"first","9":"instock","10":"shipping-taxable","11":"purchasable","12":"product-type-simple"},"_links":{"self":[{"href":"https:\/\/carimboletterpress.com.br\/loja\/wp-json\/wp\/v2\/product\/112","targetHints":{"allow":["GET"]}}],"collection":[{"href":"https:\/\/carimboletterpress.com.br\/loja\/wp-json\/wp\/v2\/product"}],"about":[{"href":"https:\/\/carimboletterpress.com.br\/loja\/wp-json\/wp\/v2\/types\/product"}],"wp:featuredmedia":[{"embeddable":true,"href":"https:\/\/carimboletterpress.com.br\/loja\/wp-json\/wp\/v2\/media\/542"}],"wp:attachment":[{"href":"https:\/\/carimboletterpress.com.br\/loja\/wp-json\/wp\/v2\/media?parent=112"}],"wp:term":[{"taxonomy":"product_brand","embeddable":true,"href":"https:\/\/carimboletterpress.com.br\/loja\/wp-json\/wp\/v2\/product_brand?post=112"},{"taxonomy":"product_cat","embeddable":true,"href":"https:\/\/carimboletterpress.com.br\/loja\/wp-json\/wp\/v2\/product_cat?post=112"},{"taxonomy":"product_tag","embeddable":true,"href":"https:\/\/carimboletterpress.com.br\/loja\/wp-json\/wp\/v2\/product_tag?post=112"}],"curies":[{"name":"wp","href":"https:\/\/api.w.org\/{rel}","templated":true}]}}