{"id":136,"date":"2018-01-18T17:25:50","date_gmt":"2018-01-18T19:25:50","guid":{"rendered":"https:\/\/carimboletterpress.com.br\/loja\/?post_type=product&#038;p=136"},"modified":"2021-02-23T11:39:38","modified_gmt":"2021-02-23T14:39:38","slug":"amostras-cartoes","status":"publish","type":"product","link":"https:\/\/carimboletterpress.com.br\/loja\/produto\/amostras-cartoes\/","title":{"rendered":"Amostras | Cart\u00f5es"},"content":{"rendered":"<p>&nbsp;<\/p>\n<p>imagens ilustrativas &#8211; trabalhos impressos aqui no Est\u00fadio Carimbo Letterpress entre 2009 e 2021.<\/p>\n","protected":false},"excerpt":{"rendered":"<p class=\"card-text\">Quer ver na m\u00e3o exemplos de trabalhos e cart\u00f5es impressos em letterpress? Para facilitar este processo temos esta op\u00e7\u00e3o!<\/p>\n<p>Ao comprar voc\u00ea pode nos mandar um email ou deixar um coment\u00e1rio nas observa\u00e7\u00f5es da compra para que possamos separar para voc\u00ea exemplos que possam ser mais relevantes.<\/p>\n<p>Importante: cada projeto se comporta de maneira \u00fanica, de acordo com suas caracter\u00edsticas pr\u00f3prias e op\u00e7\u00f5es escolhidas. Al\u00e9m disso, levamos em considera\u00e7\u00e3o as observa\u00e7\u00f5es e prefer\u00eancias do cliente no momento da impress\u00e3o. [&#8230;]<\/p>\n<p class=\"m-0\"><a class=\"btn btn-outline-secondary btn-read-more\" href=\"https:\/\/carimboletterpress.com.br\/loja\/produto\/amostras-cartoes\/\">Read More<\/a><\/p>\n","protected":false},"featured_media":660,"template":"","meta":[],"product_brand":[],"product_cat":[18,21],"product_tag":[],"class_list":{"0":"post-136","1":"product","2":"type-product","3":"status-publish","4":"has-post-thumbnail","6":"product_cat-amostras","7":"product_cat-cartoes","9":"first","10":"instock","11":"shipping-taxable","12":"purchasable","13":"product-type-simple"},"_links":{"self":[{"href":"https:\/\/carimboletterpress.com.br\/loja\/wp-json\/wp\/v2\/product\/136","targetHints":{"allow":["GET"]}}],"collection":[{"href":"https:\/\/carimboletterpress.com.br\/loja\/wp-json\/wp\/v2\/product"}],"about":[{"href":"https:\/\/carimboletterpress.com.br\/loja\/wp-json\/wp\/v2\/types\/product"}],"wp:featuredmedia":[{"embeddable":true,"href":"https:\/\/carimboletterpress.com.br\/loja\/wp-json\/wp\/v2\/media\/660"}],"wp:attachment":[{"href":"https:\/\/carimboletterpress.com.br\/loja\/wp-json\/wp\/v2\/media?parent=136"}],"wp:term":[{"taxonomy":"product_brand","embeddable":true,"href":"https:\/\/carimboletterpress.com.br\/loja\/wp-json\/wp\/v2\/product_brand?post=136"},{"taxonomy":"product_cat","embeddable":true,"href":"https:\/\/carimboletterpress.com.br\/loja\/wp-json\/wp\/v2\/product_cat?post=136"},{"taxonomy":"product_tag","embeddable":true,"href":"https:\/\/carimboletterpress.com.br\/loja\/wp-json\/wp\/v2\/product_tag?post=136"}],"curies":[{"name":"wp","href":"https:\/\/api.w.org\/{rel}","templated":true}]}}