{"id":15812,"date":"2020-06-25T10:44:03","date_gmt":"2020-06-25T13:44:03","guid":{"rendered":"https:\/\/carimboletterpress.com.br\/loja\/?post_type=product&#038;p=15812"},"modified":"2020-06-29T12:34:21","modified_gmt":"2020-06-29T15:34:21","slug":"dias-melhores-virao","status":"publish","type":"product","link":"https:\/\/carimboletterpress.com.br\/loja\/produto\/dias-melhores-virao\/","title":{"rendered":"Dias melhores vir\u00e3o"},"content":{"rendered":"<p>&nbsp;<\/p>\n<p>Formato: A3 [30 x42 cm]<br \/>\nPapel: Off White 90 g\/m\u00b2<br \/>\nAssinatura do est\u00fadio em baixo relevo sem tinta<\/p>\n","protected":false},"excerpt":{"rendered":"<p class=\"card-text\">Em tempos de quarentena, \u00e9 sempre bom lembrar&#8230; Vai passar!<\/p>\n<p>Impress\u00e3o em letterpress com tipos m\u00f3veis de madeira em duas cores entintadas \u00e0 m\u00e3o. Cada impresso \u00e9 diferente! [&#8230;]<\/p>\n<p class=\"m-0\"><a class=\"btn btn-outline-secondary btn-read-more\" href=\"https:\/\/carimboletterpress.com.br\/loja\/produto\/dias-melhores-virao\/\">Read More<\/a><\/p>\n","protected":false},"featured_media":15813,"template":"","meta":[],"product_brand":[],"product_cat":[16],"product_tag":[],"class_list":{"0":"post-15812","1":"product","2":"type-product","3":"status-publish","4":"has-post-thumbnail","6":"product_cat-cartazes","8":"first","9":"instock","10":"shipping-taxable","11":"purchasable","12":"product-type-simple"},"_links":{"self":[{"href":"https:\/\/carimboletterpress.com.br\/loja\/wp-json\/wp\/v2\/product\/15812","targetHints":{"allow":["GET"]}}],"collection":[{"href":"https:\/\/carimboletterpress.com.br\/loja\/wp-json\/wp\/v2\/product"}],"about":[{"href":"https:\/\/carimboletterpress.com.br\/loja\/wp-json\/wp\/v2\/types\/product"}],"wp:featuredmedia":[{"embeddable":true,"href":"https:\/\/carimboletterpress.com.br\/loja\/wp-json\/wp\/v2\/media\/15813"}],"wp:attachment":[{"href":"https:\/\/carimboletterpress.com.br\/loja\/wp-json\/wp\/v2\/media?parent=15812"}],"wp:term":[{"taxonomy":"product_brand","embeddable":true,"href":"https:\/\/carimboletterpress.com.br\/loja\/wp-json\/wp\/v2\/product_brand?post=15812"},{"taxonomy":"product_cat","embeddable":true,"href":"https:\/\/carimboletterpress.com.br\/loja\/wp-json\/wp\/v2\/product_cat?post=15812"},{"taxonomy":"product_tag","embeddable":true,"href":"https:\/\/carimboletterpress.com.br\/loja\/wp-json\/wp\/v2\/product_tag?post=15812"}],"curies":[{"name":"wp","href":"https:\/\/api.w.org\/{rel}","templated":true}]}}