{"id":15830,"date":"2020-10-27T13:04:19","date_gmt":"2020-10-27T16:04:19","guid":{"rendered":"https:\/\/carimboletterpress.com.br\/loja\/?post_type=product&#038;p=15830"},"modified":"2024-02-09T15:56:04","modified_gmt":"2024-02-09T18:56:04","slug":"melhor-prevenir-que-remediar","status":"publish","type":"product","link":"https:\/\/carimboletterpress.com.br\/loja\/produto\/melhor-prevenir-que-remediar\/","title":{"rendered":"Melhor prevenir que remediar"},"content":{"rendered":"<p>&nbsp;<\/p>\n<p>Formato: 30,5 x 59 cm<br \/>\nPapel: Bula de medicamento<br \/>\nAssinatura do est\u00fadio em baixo relevo sem tinta<\/p>\n","protected":false},"excerpt":{"rendered":"<p class=\"card-text\">A frase, autoexplicativa, existe em v\u00e1rios idiomas, com pequenas varia\u00e7\u00f5es! Parece bem \u00f3bvio, mas infelizmente, para algumas pessoas n\u00e3o \u00e9! \ud83d\ude41<\/p>\n<p>Sempre \u00e9 bom relembrar (especialmente hoje em dia)!<\/p>\n<p>Cartaz impresso em\u00a0letterpress com tipos m\u00f3veis de madeira, em bula gigantesca de medicamento. Tiragem limitad\u00edssima! [&#8230;]<\/p>\n<p class=\"m-0\"><a class=\"btn btn-outline-secondary btn-read-more\" href=\"https:\/\/carimboletterpress.com.br\/loja\/produto\/melhor-prevenir-que-remediar\/\">Read More<\/a><\/p>\n","protected":false},"featured_media":15833,"template":"","meta":[],"product_brand":[],"product_cat":[16],"product_tag":[],"class_list":{"0":"post-15830","1":"product","2":"type-product","3":"status-publish","4":"has-post-thumbnail","6":"product_cat-cartazes","8":"first","9":"instock","10":"shipping-taxable","11":"purchasable","12":"product-type-simple"},"_links":{"self":[{"href":"https:\/\/carimboletterpress.com.br\/loja\/wp-json\/wp\/v2\/product\/15830","targetHints":{"allow":["GET"]}}],"collection":[{"href":"https:\/\/carimboletterpress.com.br\/loja\/wp-json\/wp\/v2\/product"}],"about":[{"href":"https:\/\/carimboletterpress.com.br\/loja\/wp-json\/wp\/v2\/types\/product"}],"wp:featuredmedia":[{"embeddable":true,"href":"https:\/\/carimboletterpress.com.br\/loja\/wp-json\/wp\/v2\/media\/15833"}],"wp:attachment":[{"href":"https:\/\/carimboletterpress.com.br\/loja\/wp-json\/wp\/v2\/media?parent=15830"}],"wp:term":[{"taxonomy":"product_brand","embeddable":true,"href":"https:\/\/carimboletterpress.com.br\/loja\/wp-json\/wp\/v2\/product_brand?post=15830"},{"taxonomy":"product_cat","embeddable":true,"href":"https:\/\/carimboletterpress.com.br\/loja\/wp-json\/wp\/v2\/product_cat?post=15830"},{"taxonomy":"product_tag","embeddable":true,"href":"https:\/\/carimboletterpress.com.br\/loja\/wp-json\/wp\/v2\/product_tag?post=15830"}],"curies":[{"name":"wp","href":"https:\/\/api.w.org\/{rel}","templated":true}]}}