{"id":200,"date":"2018-10-20T17:36:56","date_gmt":"2018-10-20T20:36:56","guid":{"rendered":"https:\/\/carimboletterpress.com.br\/loja\/?post_type=product&#038;p=200"},"modified":"2020-06-16T16:58:47","modified_gmt":"2020-06-16T19:58:47","slug":"que-tipo-foi-esse","status":"publish","type":"product","link":"https:\/\/carimboletterpress.com.br\/loja\/produto\/que-tipo-foi-esse\/","title":{"rendered":"Que tipo foi esse?"},"content":{"rendered":"<p>&nbsp;<\/p>\n<p>Formato: 33 x 48 cm [podendo ser retuzido para A3 (30 x 42 cm)]<br \/>\nPapel: Off white 90 g\/m\u00b2<\/p>\n","protected":false},"excerpt":{"rendered":"<p class=\"card-text\">QuE TiPO Foi EsSE?<\/p>\n<p>Impress\u00e3o em letterpress com tipos m\u00f3veis, de madeira, de v\u00e1rias f\u00e1m\u00edlias e tamanhos diferentes. [&#8230;]<\/p>\n<p class=\"m-0\"><a class=\"btn btn-outline-secondary btn-read-more\" href=\"https:\/\/carimboletterpress.com.br\/loja\/produto\/que-tipo-foi-esse\/\">Read More<\/a><\/p>\n","protected":false},"featured_media":582,"template":"","meta":[],"product_brand":[],"product_cat":[16],"product_tag":[],"class_list":{"0":"post-200","1":"product","2":"type-product","3":"status-publish","4":"has-post-thumbnail","6":"product_cat-cartazes","8":"first","9":"instock","10":"shipping-taxable","11":"purchasable","12":"product-type-simple"},"_links":{"self":[{"href":"https:\/\/carimboletterpress.com.br\/loja\/wp-json\/wp\/v2\/product\/200","targetHints":{"allow":["GET"]}}],"collection":[{"href":"https:\/\/carimboletterpress.com.br\/loja\/wp-json\/wp\/v2\/product"}],"about":[{"href":"https:\/\/carimboletterpress.com.br\/loja\/wp-json\/wp\/v2\/types\/product"}],"wp:featuredmedia":[{"embeddable":true,"href":"https:\/\/carimboletterpress.com.br\/loja\/wp-json\/wp\/v2\/media\/582"}],"wp:attachment":[{"href":"https:\/\/carimboletterpress.com.br\/loja\/wp-json\/wp\/v2\/media?parent=200"}],"wp:term":[{"taxonomy":"product_brand","embeddable":true,"href":"https:\/\/carimboletterpress.com.br\/loja\/wp-json\/wp\/v2\/product_brand?post=200"},{"taxonomy":"product_cat","embeddable":true,"href":"https:\/\/carimboletterpress.com.br\/loja\/wp-json\/wp\/v2\/product_cat?post=200"},{"taxonomy":"product_tag","embeddable":true,"href":"https:\/\/carimboletterpress.com.br\/loja\/wp-json\/wp\/v2\/product_tag?post=200"}],"curies":[{"name":"wp","href":"https:\/\/api.w.org\/{rel}","templated":true}]}}