{"id":206,"date":"2018-11-18T09:00:15","date_gmt":"2018-11-18T11:00:15","guid":{"rendered":"https:\/\/carimboletterpress.com.br\/loja\/?post_type=product&#038;p=206"},"modified":"2025-10-09T12:27:20","modified_gmt":"2025-10-09T15:27:20","slug":"206","status":"publish","type":"product","link":"https:\/\/carimboletterpress.com.br\/loja\/produto\/206\/","title":{"rendered":"Cart\u00f5es | sua arte"},"content":{"rendered":"<p>ATEN\u00c7\u00c3O: este produto \u00e9 feito sob demanda. Voc\u00ea precisa nos enviar uma arte-final pronta para impress\u00e3o, isto \u00e9, um arquivo em vetor (PDF, EPS ou AI), com as fontes convertidas em curvas.<\/p>\n<p>Ao fazer a compra lhe enviaremos um gabarito com todas as informa\u00e7\u00f5es para que voc\u00ea possa nos retornar o arquivo final.<\/p>\n<p>Importante:<br \/>\n&#8211; sem imagens fotogr\u00e1ficas \/ reticuladas;<br \/>\n&#8211; leve em considera\u00e7\u00e3o que grandes massas de cor e \u00e1reas com alta cobertura de tinta n\u00e3o representam o mais ideal do processo;<br \/>\n&#8211; se o seu arquivo n\u00e3o estiver de acordo com as especifica\u00e7\u00f5es acima n\u00f3s entraremos em contato para uma poss\u00edvel adapta\u00e7\u00e3o;<\/p>\n<p>Prazo para postagem: 15 dias \u00fateis \u00e0 partir do envio \/ aprova\u00e7\u00e3o da arte-final<\/p>\n","protected":false},"excerpt":{"rendered":"<p class=\"card-text\">Cart\u00e3o de visitas com sua arte em letterpress.<\/p>\n<p>\u2022 Impress\u00e3o em Preto (somente frente)<br \/>\n\u2022 Tamanho: 8,0 x 5,0 cm<br \/>\n\u2022 Papel especial off white 500g<br \/>\n\u2022 Quantidade: 100 ou 200 unidades<br \/>\n\u2022 Acabamento: corte reto ou bordas coloridas<br \/>\n\u2022 Op\u00e7\u00f5es de cores para as bordas: preto, vermelho, laranja, azul, rosa. [&#8230;]<\/p>\n<p class=\"m-0\"><a class=\"btn btn-outline-secondary btn-read-more\" href=\"https:\/\/carimboletterpress.com.br\/loja\/produto\/206\/\">Read More<\/a><\/p>\n","protected":false},"featured_media":697,"template":"","meta":[],"product_brand":[],"product_cat":[21],"product_tag":[],"class_list":{"0":"post-206","1":"product","2":"type-product","3":"status-publish","4":"has-post-thumbnail","6":"product_cat-cartoes","8":"first","9":"instock","10":"featured","11":"shipping-taxable","12":"purchasable","13":"product-type-variable"},"_links":{"self":[{"href":"https:\/\/carimboletterpress.com.br\/loja\/wp-json\/wp\/v2\/product\/206","targetHints":{"allow":["GET"]}}],"collection":[{"href":"https:\/\/carimboletterpress.com.br\/loja\/wp-json\/wp\/v2\/product"}],"about":[{"href":"https:\/\/carimboletterpress.com.br\/loja\/wp-json\/wp\/v2\/types\/product"}],"wp:featuredmedia":[{"embeddable":true,"href":"https:\/\/carimboletterpress.com.br\/loja\/wp-json\/wp\/v2\/media\/697"}],"wp:attachment":[{"href":"https:\/\/carimboletterpress.com.br\/loja\/wp-json\/wp\/v2\/media?parent=206"}],"wp:term":[{"taxonomy":"product_brand","embeddable":true,"href":"https:\/\/carimboletterpress.com.br\/loja\/wp-json\/wp\/v2\/product_brand?post=206"},{"taxonomy":"product_cat","embeddable":true,"href":"https:\/\/carimboletterpress.com.br\/loja\/wp-json\/wp\/v2\/product_cat?post=206"},{"taxonomy":"product_tag","embeddable":true,"href":"https:\/\/carimboletterpress.com.br\/loja\/wp-json\/wp\/v2\/product_tag?post=206"}],"curies":[{"name":"wp","href":"https:\/\/api.w.org\/{rel}","templated":true}]}}