{"id":330,"date":"2018-10-23T15:32:05","date_gmt":"2018-10-23T18:32:05","guid":{"rendered":"https:\/\/carimboletterpress.com.br\/shop\/?post_type=product&#038;p=330"},"modified":"2018-11-13T17:56:10","modified_gmt":"2018-11-13T19:56:10","slug":"gimme-some-lovin","status":"publish","type":"product","link":"https:\/\/carimboletterpress.com.br\/loja\/produto\/gimme-some-lovin\/","title":{"rendered":"Gimme some lovin"},"content":{"rendered":"<p>&nbsp;<\/p>\n<p>Formato: 32,5 x 48 cm<br \/>\nPapel: Color Plus 80 g\/m\u00b2<\/p>\n<p>* Cada um \u00e9 \u00fanico, com diferentes interven\u00e7\u00f5es feitas \u00e0 m\u00e3o.<br \/>\nProvavelmente ser\u00e1 um pouco diferente da imagem.<\/p>\n","protected":false},"excerpt":{"rendered":"<p class=\"card-text\">Impress\u00e3o em letterpress com tipos m\u00f3veis de madeira e interven\u00e7\u00f5es com o rolo de tinta. [&#8230;]<\/p>\n<p class=\"m-0\"><a class=\"btn btn-outline-secondary btn-read-more\" href=\"https:\/\/carimboletterpress.com.br\/loja\/produto\/gimme-some-lovin\/\">Read More<\/a><\/p>\n","protected":false},"featured_media":544,"template":"","meta":[],"product_brand":[],"product_cat":[16],"product_tag":[],"class_list":{"0":"post-330","1":"product","2":"type-product","3":"status-publish","4":"has-post-thumbnail","6":"product_cat-cartazes","8":"first","9":"instock","10":"shipping-taxable","11":"purchasable","12":"product-type-simple"},"_links":{"self":[{"href":"https:\/\/carimboletterpress.com.br\/loja\/wp-json\/wp\/v2\/product\/330","targetHints":{"allow":["GET"]}}],"collection":[{"href":"https:\/\/carimboletterpress.com.br\/loja\/wp-json\/wp\/v2\/product"}],"about":[{"href":"https:\/\/carimboletterpress.com.br\/loja\/wp-json\/wp\/v2\/types\/product"}],"wp:featuredmedia":[{"embeddable":true,"href":"https:\/\/carimboletterpress.com.br\/loja\/wp-json\/wp\/v2\/media\/544"}],"wp:attachment":[{"href":"https:\/\/carimboletterpress.com.br\/loja\/wp-json\/wp\/v2\/media?parent=330"}],"wp:term":[{"taxonomy":"product_brand","embeddable":true,"href":"https:\/\/carimboletterpress.com.br\/loja\/wp-json\/wp\/v2\/product_brand?post=330"},{"taxonomy":"product_cat","embeddable":true,"href":"https:\/\/carimboletterpress.com.br\/loja\/wp-json\/wp\/v2\/product_cat?post=330"},{"taxonomy":"product_tag","embeddable":true,"href":"https:\/\/carimboletterpress.com.br\/loja\/wp-json\/wp\/v2\/product_tag?post=330"}],"curies":[{"name":"wp","href":"https:\/\/api.w.org\/{rel}","templated":true}]}}