{"id":496,"date":"2018-10-25T17:27:18","date_gmt":"2018-10-25T20:27:18","guid":{"rendered":"https:\/\/carimboletterpress.com.br\/shop\/?post_type=product&#038;p=496"},"modified":"2018-11-13T16:18:11","modified_gmt":"2018-11-13T18:18:11","slug":"porque-nossas-relacoes-sao-humanas","status":"publish","type":"product","link":"https:\/\/carimboletterpress.com.br\/loja\/produto\/porque-nossas-relacoes-sao-humanas\/","title":{"rendered":"Nossas rela\u00e7\u00f5es"},"content":{"rendered":"","protected":false},"excerpt":{"rendered":"<p class=\"card-text\">Impress\u00e3o tipogr\u00e1fica com antigos m\u00f3veis em madeira.<br \/>\nGradiente em 3 cores: azul &gt; amarelo &gt; vermelho no melhor estilo lambe-lambe. [&#8230;]<\/p>\n<p class=\"m-0\"><a class=\"btn btn-outline-secondary btn-read-more\" href=\"https:\/\/carimboletterpress.com.br\/loja\/produto\/porque-nossas-relacoes-sao-humanas\/\">Read More<\/a><\/p>\n","protected":false},"featured_media":579,"template":"","meta":[],"product_brand":[],"product_cat":[16],"product_tag":[],"class_list":{"0":"post-496","1":"product","2":"type-product","3":"status-publish","4":"has-post-thumbnail","6":"product_cat-cartazes","8":"first","9":"instock","10":"shipping-taxable","11":"purchasable","12":"product-type-simple"},"_links":{"self":[{"href":"https:\/\/carimboletterpress.com.br\/loja\/wp-json\/wp\/v2\/product\/496","targetHints":{"allow":["GET"]}}],"collection":[{"href":"https:\/\/carimboletterpress.com.br\/loja\/wp-json\/wp\/v2\/product"}],"about":[{"href":"https:\/\/carimboletterpress.com.br\/loja\/wp-json\/wp\/v2\/types\/product"}],"wp:featuredmedia":[{"embeddable":true,"href":"https:\/\/carimboletterpress.com.br\/loja\/wp-json\/wp\/v2\/media\/579"}],"wp:attachment":[{"href":"https:\/\/carimboletterpress.com.br\/loja\/wp-json\/wp\/v2\/media?parent=496"}],"wp:term":[{"taxonomy":"product_brand","embeddable":true,"href":"https:\/\/carimboletterpress.com.br\/loja\/wp-json\/wp\/v2\/product_brand?post=496"},{"taxonomy":"product_cat","embeddable":true,"href":"https:\/\/carimboletterpress.com.br\/loja\/wp-json\/wp\/v2\/product_cat?post=496"},{"taxonomy":"product_tag","embeddable":true,"href":"https:\/\/carimboletterpress.com.br\/loja\/wp-json\/wp\/v2\/product_tag?post=496"}],"curies":[{"name":"wp","href":"https:\/\/api.w.org\/{rel}","templated":true}]}}