{"id":675,"date":"2018-10-14T10:23:00","date_gmt":"2018-10-14T13:23:00","guid":{"rendered":"https:\/\/carimboletterpress.com.br\/loja\/?post_type=product&#038;p=675"},"modified":"2021-10-25T13:04:32","modified_gmt":"2021-10-25T16:04:32","slug":"to-do","status":"publish","type":"product","link":"https:\/\/carimboletterpress.com.br\/loja\/produto\/to-do\/","title":{"rendered":"To Do"},"content":{"rendered":"<p>&nbsp;<\/p>\n<p>Impress\u00e3o em letterpress com tipos m\u00f3veis em duas cores (degrad\u00ea).<\/p>\n<p>Formato fechado: 4,75 x 12 cm (aberto: 4,75 x 24 cm)<br \/>\nPapel Rives Tweed 350 g\/m\u00b2 capa e Alta Alvura 75 g\/m\u00b2 miolo<br \/>\n64 p\u00e1ginas<\/p>\n","protected":false},"excerpt":{"rendered":"<p class=\"card-text\">Bloquinho de anota\u00e7\u00f5es, lembretes e tarefas. Para ter sempre no bolso. [&#8230;]<\/p>\n<p class=\"m-0\"><a class=\"btn btn-outline-secondary btn-read-more\" href=\"https:\/\/carimboletterpress.com.br\/loja\/produto\/to-do\/\">Read More<\/a><\/p>\n","protected":false},"featured_media":676,"template":"","meta":[],"product_brand":[],"product_cat":[19],"product_tag":[],"class_list":{"0":"post-675","1":"product","2":"type-product","3":"status-publish","4":"has-post-thumbnail","6":"product_cat-caderninhos","8":"first","9":"instock","10":"shipping-taxable","11":"purchasable","12":"product-type-simple"},"_links":{"self":[{"href":"https:\/\/carimboletterpress.com.br\/loja\/wp-json\/wp\/v2\/product\/675","targetHints":{"allow":["GET"]}}],"collection":[{"href":"https:\/\/carimboletterpress.com.br\/loja\/wp-json\/wp\/v2\/product"}],"about":[{"href":"https:\/\/carimboletterpress.com.br\/loja\/wp-json\/wp\/v2\/types\/product"}],"wp:featuredmedia":[{"embeddable":true,"href":"https:\/\/carimboletterpress.com.br\/loja\/wp-json\/wp\/v2\/media\/676"}],"wp:attachment":[{"href":"https:\/\/carimboletterpress.com.br\/loja\/wp-json\/wp\/v2\/media?parent=675"}],"wp:term":[{"taxonomy":"product_brand","embeddable":true,"href":"https:\/\/carimboletterpress.com.br\/loja\/wp-json\/wp\/v2\/product_brand?post=675"},{"taxonomy":"product_cat","embeddable":true,"href":"https:\/\/carimboletterpress.com.br\/loja\/wp-json\/wp\/v2\/product_cat?post=675"},{"taxonomy":"product_tag","embeddable":true,"href":"https:\/\/carimboletterpress.com.br\/loja\/wp-json\/wp\/v2\/product_tag?post=675"}],"curies":[{"name":"wp","href":"https:\/\/api.w.org\/{rel}","templated":true}]}}