{"id":72,"date":"2018-10-17T16:20:31","date_gmt":"2018-10-17T16:20:31","guid":{"rendered":"https:\/\/carimboletterpress.com.br\/loja\/?post_type=product&#038;p=72"},"modified":"2018-11-13T18:25:05","modified_gmt":"2018-11-13T20:25:05","slug":"less-is-more","status":"publish","type":"product","link":"https:\/\/carimboletterpress.com.br\/loja\/produto\/less-is-more\/","title":{"rendered":"Less is More"},"content":{"rendered":"<p>&nbsp;<\/p>\n<p>Impress\u00e3o em letterpress com tipos m\u00f3veis de madeira e clich\u00ea.<br \/>\nFormato: 40,5 x 17,5 cm<br \/>\nPapel: Off white 250\u00a0g\/m\u00b2<\/p>\n","protected":false},"excerpt":{"rendered":"<p class=\"card-text\">\u00c9 um poster, \u00e9 um lembrete, \u00e9 auto-explicativo. Menos \u00e9 mais!\u00a0Impress\u00e3o tipogr\u00e1fica com antigos tipos m\u00f3veis de madeira. [&#8230;]<\/p>\n<p class=\"m-0\"><a class=\"btn btn-outline-secondary btn-read-more\" href=\"https:\/\/carimboletterpress.com.br\/loja\/produto\/less-is-more\/\">Read More<\/a><\/p>\n","protected":false},"featured_media":532,"template":"","meta":[],"product_brand":[],"product_cat":[16],"product_tag":[],"class_list":{"0":"post-72","1":"product","2":"type-product","3":"status-publish","4":"has-post-thumbnail","6":"product_cat-cartazes","8":"first","9":"instock","10":"shipping-taxable","11":"purchasable","12":"product-type-simple"},"_links":{"self":[{"href":"https:\/\/carimboletterpress.com.br\/loja\/wp-json\/wp\/v2\/product\/72","targetHints":{"allow":["GET"]}}],"collection":[{"href":"https:\/\/carimboletterpress.com.br\/loja\/wp-json\/wp\/v2\/product"}],"about":[{"href":"https:\/\/carimboletterpress.com.br\/loja\/wp-json\/wp\/v2\/types\/product"}],"wp:featuredmedia":[{"embeddable":true,"href":"https:\/\/carimboletterpress.com.br\/loja\/wp-json\/wp\/v2\/media\/532"}],"wp:attachment":[{"href":"https:\/\/carimboletterpress.com.br\/loja\/wp-json\/wp\/v2\/media?parent=72"}],"wp:term":[{"taxonomy":"product_brand","embeddable":true,"href":"https:\/\/carimboletterpress.com.br\/loja\/wp-json\/wp\/v2\/product_brand?post=72"},{"taxonomy":"product_cat","embeddable":true,"href":"https:\/\/carimboletterpress.com.br\/loja\/wp-json\/wp\/v2\/product_cat?post=72"},{"taxonomy":"product_tag","embeddable":true,"href":"https:\/\/carimboletterpress.com.br\/loja\/wp-json\/wp\/v2\/product_tag?post=72"}],"curies":[{"name":"wp","href":"https:\/\/api.w.org\/{rel}","templated":true}]}}