{"id":750,"date":"2019-01-28T18:43:45","date_gmt":"2019-01-28T20:43:45","guid":{"rendered":"https:\/\/carimboletterpress.com.br\/loja\/?post_type=product&#038;p=750"},"modified":"2019-02-01T17:27:23","modified_gmt":"2019-02-01T19:27:23","slug":"wanderlust","status":"publish","type":"product","link":"https:\/\/carimboletterpress.com.br\/loja\/produto\/wanderlust\/","title":{"rendered":"Wanderlust"},"content":{"rendered":"<p>&nbsp;<\/p>\n<p>Formato: 28 x 37,5 cm<br \/>\nPapel: P\u00e1gina de atlas geogr\u00e1fico reutilizada<\/p>\n","protected":false},"excerpt":{"rendered":"<p class=\"card-text\"><strong>Wanderlust<\/strong> (do alem\u00e3o Wandern: &#8216;caminhar&#8217;, &#8216;vagar&#8217; + Lust : &#8216;desejo&#8217;) \u00e9 um termo que descreve um forte desejo de viajar, de explorar o mundo, de ir a qualquer lugar, em uma caminhada que possa levar ao desconhecido, a algo novo.<\/p>\n<p>Impress\u00e3o em letterpress com tipos m\u00f3veis de madeira em p\u00e1gina de atlas antigo [&#8230;]<\/p>\n<p class=\"m-0\"><a class=\"btn btn-outline-secondary btn-read-more\" href=\"https:\/\/carimboletterpress.com.br\/loja\/produto\/wanderlust\/\">Read More<\/a><\/p>\n","protected":false},"featured_media":749,"template":"","meta":[],"product_brand":[],"product_cat":[16],"product_tag":[],"class_list":{"0":"post-750","1":"product","2":"type-product","3":"status-publish","4":"has-post-thumbnail","6":"product_cat-cartazes","8":"first","9":"instock","10":"shipping-taxable","11":"purchasable","12":"product-type-simple"},"_links":{"self":[{"href":"https:\/\/carimboletterpress.com.br\/loja\/wp-json\/wp\/v2\/product\/750","targetHints":{"allow":["GET"]}}],"collection":[{"href":"https:\/\/carimboletterpress.com.br\/loja\/wp-json\/wp\/v2\/product"}],"about":[{"href":"https:\/\/carimboletterpress.com.br\/loja\/wp-json\/wp\/v2\/types\/product"}],"wp:featuredmedia":[{"embeddable":true,"href":"https:\/\/carimboletterpress.com.br\/loja\/wp-json\/wp\/v2\/media\/749"}],"wp:attachment":[{"href":"https:\/\/carimboletterpress.com.br\/loja\/wp-json\/wp\/v2\/media?parent=750"}],"wp:term":[{"taxonomy":"product_brand","embeddable":true,"href":"https:\/\/carimboletterpress.com.br\/loja\/wp-json\/wp\/v2\/product_brand?post=750"},{"taxonomy":"product_cat","embeddable":true,"href":"https:\/\/carimboletterpress.com.br\/loja\/wp-json\/wp\/v2\/product_cat?post=750"},{"taxonomy":"product_tag","embeddable":true,"href":"https:\/\/carimboletterpress.com.br\/loja\/wp-json\/wp\/v2\/product_tag?post=750"}],"curies":[{"name":"wp","href":"https:\/\/api.w.org\/{rel}","templated":true}]}}