{"id":755,"date":"2019-01-28T19:04:28","date_gmt":"2019-01-28T21:04:28","guid":{"rendered":"https:\/\/carimboletterpress.com.br\/loja\/?post_type=product&#038;p=755"},"modified":"2019-01-28T19:06:32","modified_gmt":"2019-01-28T21:06:32","slug":"saber-e-poder","status":"publish","type":"product","link":"https:\/\/carimboletterpress.com.br\/loja\/produto\/saber-e-poder\/","title":{"rendered":"Saber \u00e9 poder"},"content":{"rendered":"<p>&nbsp;<\/p>\n<p>Formato: 21 x 27,5 cm<br \/>\nPapel: P\u00e1gina de dicion\u00e1rio antigo reutilizada<\/p>\n","protected":false},"excerpt":{"rendered":"<p class=\"card-text\">Saber \u00e9 poder \u2013 refilta! \u00c9 ou n\u00e3o \u00e9?! <\/p>\n<p>Impress\u00e3o em letterpress com tipos m\u00f3veis de madeira sobre p\u00e1gina de dicion\u00e1rio antigo [&#8230;]<\/p>\n<p class=\"m-0\"><a class=\"btn btn-outline-secondary btn-read-more\" href=\"https:\/\/carimboletterpress.com.br\/loja\/produto\/saber-e-poder\/\">Read More<\/a><\/p>\n","protected":false},"featured_media":747,"template":"","meta":[],"product_brand":[],"product_cat":[16],"product_tag":[],"class_list":{"0":"post-755","1":"product","2":"type-product","3":"status-publish","4":"has-post-thumbnail","6":"product_cat-cartazes","8":"first","9":"instock","10":"shipping-taxable","11":"purchasable","12":"product-type-simple"},"_links":{"self":[{"href":"https:\/\/carimboletterpress.com.br\/loja\/wp-json\/wp\/v2\/product\/755","targetHints":{"allow":["GET"]}}],"collection":[{"href":"https:\/\/carimboletterpress.com.br\/loja\/wp-json\/wp\/v2\/product"}],"about":[{"href":"https:\/\/carimboletterpress.com.br\/loja\/wp-json\/wp\/v2\/types\/product"}],"wp:featuredmedia":[{"embeddable":true,"href":"https:\/\/carimboletterpress.com.br\/loja\/wp-json\/wp\/v2\/media\/747"}],"wp:attachment":[{"href":"https:\/\/carimboletterpress.com.br\/loja\/wp-json\/wp\/v2\/media?parent=755"}],"wp:term":[{"taxonomy":"product_brand","embeddable":true,"href":"https:\/\/carimboletterpress.com.br\/loja\/wp-json\/wp\/v2\/product_brand?post=755"},{"taxonomy":"product_cat","embeddable":true,"href":"https:\/\/carimboletterpress.com.br\/loja\/wp-json\/wp\/v2\/product_cat?post=755"},{"taxonomy":"product_tag","embeddable":true,"href":"https:\/\/carimboletterpress.com.br\/loja\/wp-json\/wp\/v2\/product_tag?post=755"}],"curies":[{"name":"wp","href":"https:\/\/api.w.org\/{rel}","templated":true}]}}