{"id":756,"date":"2019-01-28T19:11:52","date_gmt":"2019-01-28T21:11:52","guid":{"rendered":"https:\/\/carimboletterpress.com.br\/loja\/?post_type=product&#038;p=756"},"modified":"2020-11-14T16:02:28","modified_gmt":"2020-11-14T19:02:28","slug":"ombelico","status":"publish","type":"product","link":"https:\/\/carimboletterpress.com.br\/loja\/produto\/ombelico\/","title":{"rendered":"Ombelico"},"content":{"rendered":"<p>&nbsp;<\/p>\n<p>Formato: 42 x 27,5 cm<br \/>\nPapel: P\u00e1gina de dicion\u00e1rio antigo reutilizada<\/p>\n","protected":false},"excerpt":{"rendered":"<p class=\"card-text\">Ilustra\u00e7\u00e3o de golpe de esgrima de antigo dicion\u00e1rio impresso em p\u00e1ginas de outro antigo dicion\u00e1rio. <em>Touch\u00e9<\/em><\/p>\n<p>Impress\u00e3o em risografia (sobre p\u00e1gina dupla de antigo dicion\u00e1rio). [&#8230;]<\/p>\n<p class=\"m-0\"><a class=\"btn btn-outline-secondary btn-read-more\" href=\"https:\/\/carimboletterpress.com.br\/loja\/produto\/ombelico\/\">Read More<\/a><\/p>\n","protected":false},"featured_media":743,"template":"","meta":[],"product_brand":[],"product_cat":[16],"product_tag":[30],"class_list":{"0":"post-756","1":"product","2":"type-product","3":"status-publish","4":"has-post-thumbnail","6":"product_cat-cartazes","7":"product_tag-riso","9":"first","10":"instock","11":"shipping-taxable","12":"purchasable","13":"product-type-simple"},"_links":{"self":[{"href":"https:\/\/carimboletterpress.com.br\/loja\/wp-json\/wp\/v2\/product\/756","targetHints":{"allow":["GET"]}}],"collection":[{"href":"https:\/\/carimboletterpress.com.br\/loja\/wp-json\/wp\/v2\/product"}],"about":[{"href":"https:\/\/carimboletterpress.com.br\/loja\/wp-json\/wp\/v2\/types\/product"}],"wp:featuredmedia":[{"embeddable":true,"href":"https:\/\/carimboletterpress.com.br\/loja\/wp-json\/wp\/v2\/media\/743"}],"wp:attachment":[{"href":"https:\/\/carimboletterpress.com.br\/loja\/wp-json\/wp\/v2\/media?parent=756"}],"wp:term":[{"taxonomy":"product_brand","embeddable":true,"href":"https:\/\/carimboletterpress.com.br\/loja\/wp-json\/wp\/v2\/product_brand?post=756"},{"taxonomy":"product_cat","embeddable":true,"href":"https:\/\/carimboletterpress.com.br\/loja\/wp-json\/wp\/v2\/product_cat?post=756"},{"taxonomy":"product_tag","embeddable":true,"href":"https:\/\/carimboletterpress.com.br\/loja\/wp-json\/wp\/v2\/product_tag?post=756"}],"curies":[{"name":"wp","href":"https:\/\/api.w.org\/{rel}","templated":true}]}}