{"id":757,"date":"2019-01-28T21:18:56","date_gmt":"2019-01-28T23:18:56","guid":{"rendered":"https:\/\/carimboletterpress.com.br\/loja\/?post_type=product&#038;p=757"},"modified":"2019-01-28T21:18:56","modified_gmt":"2019-01-28T23:18:56","slug":"papa-nana-caca","status":"publish","type":"product","link":"https:\/\/carimboletterpress.com.br\/loja\/produto\/papa-nana-caca\/","title":{"rendered":"Papa Nana Caca"},"content":{"rendered":"<p>&nbsp;<\/p>\n<p>Formato: 30 x 40 cm<br \/>\nPapel: Pure White 150 g\/m\u00b2<br \/>\nAssinatura do est\u00fadio em baixo relevo sem tinta<\/p>\n","protected":false},"excerpt":{"rendered":"<p class=\"card-text\">As tr\u00eas atividades b\u00e1sicas dos beb\u00eas em seus primeiros meses de vida.<\/p>\n<p>Impress\u00e3o em letterpress com tipos m\u00f3veis de madeira, em gradiente de duas cores past\u00e9is. [&#8230;]<\/p>\n<p class=\"m-0\"><a class=\"btn btn-outline-secondary btn-read-more\" href=\"https:\/\/carimboletterpress.com.br\/loja\/produto\/papa-nana-caca\/\">Read More<\/a><\/p>\n","protected":false},"featured_media":744,"template":"","meta":[],"product_brand":[],"product_cat":[16],"product_tag":[],"class_list":{"0":"post-757","1":"product","2":"type-product","3":"status-publish","4":"has-post-thumbnail","6":"product_cat-cartazes","8":"first","9":"instock","10":"shipping-taxable","11":"purchasable","12":"product-type-simple"},"_links":{"self":[{"href":"https:\/\/carimboletterpress.com.br\/loja\/wp-json\/wp\/v2\/product\/757","targetHints":{"allow":["GET"]}}],"collection":[{"href":"https:\/\/carimboletterpress.com.br\/loja\/wp-json\/wp\/v2\/product"}],"about":[{"href":"https:\/\/carimboletterpress.com.br\/loja\/wp-json\/wp\/v2\/types\/product"}],"wp:featuredmedia":[{"embeddable":true,"href":"https:\/\/carimboletterpress.com.br\/loja\/wp-json\/wp\/v2\/media\/744"}],"wp:attachment":[{"href":"https:\/\/carimboletterpress.com.br\/loja\/wp-json\/wp\/v2\/media?parent=757"}],"wp:term":[{"taxonomy":"product_brand","embeddable":true,"href":"https:\/\/carimboletterpress.com.br\/loja\/wp-json\/wp\/v2\/product_brand?post=757"},{"taxonomy":"product_cat","embeddable":true,"href":"https:\/\/carimboletterpress.com.br\/loja\/wp-json\/wp\/v2\/product_cat?post=757"},{"taxonomy":"product_tag","embeddable":true,"href":"https:\/\/carimboletterpress.com.br\/loja\/wp-json\/wp\/v2\/product_tag?post=757"}],"curies":[{"name":"wp","href":"https:\/\/api.w.org\/{rel}","templated":true}]}}