{"id":759,"date":"2019-01-28T21:29:50","date_gmt":"2019-01-28T23:29:50","guid":{"rendered":"https:\/\/carimboletterpress.com.br\/loja\/?post_type=product&#038;p=759"},"modified":"2019-01-28T21:29:50","modified_gmt":"2019-01-28T23:29:50","slug":"mais-cor-por-favor","status":"publish","type":"product","link":"https:\/\/carimboletterpress.com.br\/loja\/produto\/mais-cor-por-favor\/","title":{"rendered":"Mais cor por favor"},"content":{"rendered":"<p>&nbsp;<\/p>\n<p>Formato: 40 x 30 cm<br \/>\nPapel: Off white 250 g\/m\u00b2<br \/>\nAssinatura do est\u00fadio em baixo relevo sem tinta<\/p>\n","protected":false},"excerpt":{"rendered":"<p class=\"card-text\">Em S\u00e3o Paulo a frase estampada nos muros pede por amor\u2026 mas a cidade t\u00e3o cinza precisa \u00e9 de cor!<\/p>\n<p>Impress\u00e3o em letterpress com tipos m\u00f3veis de madeira, impressos artesanalmente com tinta borrifada em tr\u00eas cores individualmente [&#8230;]<\/p>\n<p class=\"m-0\"><a class=\"btn btn-outline-secondary btn-read-more\" href=\"https:\/\/carimboletterpress.com.br\/loja\/produto\/mais-cor-por-favor\/\">Read More<\/a><\/p>\n","protected":false},"featured_media":740,"template":"","meta":[],"product_brand":[],"product_cat":[16],"product_tag":[],"class_list":{"0":"post-759","1":"product","2":"type-product","3":"status-publish","4":"has-post-thumbnail","6":"product_cat-cartazes","8":"first","9":"instock","10":"shipping-taxable","11":"purchasable","12":"product-type-simple"},"_links":{"self":[{"href":"https:\/\/carimboletterpress.com.br\/loja\/wp-json\/wp\/v2\/product\/759","targetHints":{"allow":["GET"]}}],"collection":[{"href":"https:\/\/carimboletterpress.com.br\/loja\/wp-json\/wp\/v2\/product"}],"about":[{"href":"https:\/\/carimboletterpress.com.br\/loja\/wp-json\/wp\/v2\/types\/product"}],"wp:featuredmedia":[{"embeddable":true,"href":"https:\/\/carimboletterpress.com.br\/loja\/wp-json\/wp\/v2\/media\/740"}],"wp:attachment":[{"href":"https:\/\/carimboletterpress.com.br\/loja\/wp-json\/wp\/v2\/media?parent=759"}],"wp:term":[{"taxonomy":"product_brand","embeddable":true,"href":"https:\/\/carimboletterpress.com.br\/loja\/wp-json\/wp\/v2\/product_brand?post=759"},{"taxonomy":"product_cat","embeddable":true,"href":"https:\/\/carimboletterpress.com.br\/loja\/wp-json\/wp\/v2\/product_cat?post=759"},{"taxonomy":"product_tag","embeddable":true,"href":"https:\/\/carimboletterpress.com.br\/loja\/wp-json\/wp\/v2\/product_tag?post=759"}],"curies":[{"name":"wp","href":"https:\/\/api.w.org\/{rel}","templated":true}]}}