{"id":784,"date":"2019-01-30T18:37:07","date_gmt":"2019-01-30T20:37:07","guid":{"rendered":"https:\/\/carimboletterpress.com.br\/loja\/?post_type=product&#038;p=784"},"modified":"2019-02-01T17:23:46","modified_gmt":"2019-02-01T19:23:46","slug":"mapa-grande","status":"publish","type":"product","link":"https:\/\/carimboletterpress.com.br\/loja\/produto\/mapa-grande\/","title":{"rendered":"Mapa Grande"},"content":{"rendered":"<p>&nbsp;<\/p>\n<p>Impress\u00e3o em letterpress com clich\u00ea.<br \/>\nFormato fechado: 13 x 19,5 cm (aberto: 26 x 19,5 cm)<br \/>\nCapa p\u00e1ginas de atlas (mapa + \u00edndice) e miolo off-white &#8211; Lombada revestida com papel texturizado &#8211; 64 p\u00e1ginas<\/p>\n","protected":false},"excerpt":{"rendered":"<p class=\"card-text\">Caderno de anota\u00e7\u00f5es, recuerdos de viagem e o que mais voc\u00ea quiser. [&#8230;]<\/p>\n<p class=\"m-0\"><a class=\"btn btn-outline-secondary btn-read-more\" href=\"https:\/\/carimboletterpress.com.br\/loja\/produto\/mapa-grande\/\">Read More<\/a><\/p>\n","protected":false},"featured_media":732,"template":"","meta":[],"product_brand":[],"product_cat":[19],"product_tag":[],"class_list":{"0":"post-784","1":"product","2":"type-product","3":"status-publish","4":"has-post-thumbnail","6":"product_cat-caderninhos","8":"first","9":"instock","10":"shipping-taxable","11":"purchasable","12":"product-type-simple"},"_links":{"self":[{"href":"https:\/\/carimboletterpress.com.br\/loja\/wp-json\/wp\/v2\/product\/784","targetHints":{"allow":["GET"]}}],"collection":[{"href":"https:\/\/carimboletterpress.com.br\/loja\/wp-json\/wp\/v2\/product"}],"about":[{"href":"https:\/\/carimboletterpress.com.br\/loja\/wp-json\/wp\/v2\/types\/product"}],"wp:featuredmedia":[{"embeddable":true,"href":"https:\/\/carimboletterpress.com.br\/loja\/wp-json\/wp\/v2\/media\/732"}],"wp:attachment":[{"href":"https:\/\/carimboletterpress.com.br\/loja\/wp-json\/wp\/v2\/media?parent=784"}],"wp:term":[{"taxonomy":"product_brand","embeddable":true,"href":"https:\/\/carimboletterpress.com.br\/loja\/wp-json\/wp\/v2\/product_brand?post=784"},{"taxonomy":"product_cat","embeddable":true,"href":"https:\/\/carimboletterpress.com.br\/loja\/wp-json\/wp\/v2\/product_cat?post=784"},{"taxonomy":"product_tag","embeddable":true,"href":"https:\/\/carimboletterpress.com.br\/loja\/wp-json\/wp\/v2\/product_tag?post=784"}],"curies":[{"name":"wp","href":"https:\/\/api.w.org\/{rel}","templated":true}]}}