{"id":793,"date":"2019-02-01T18:12:25","date_gmt":"2019-02-01T20:12:25","guid":{"rendered":"https:\/\/carimboletterpress.com.br\/loja\/?post_type=product&#038;p=793"},"modified":"2019-02-26T12:22:46","modified_gmt":"2019-02-26T15:22:46","slug":"agenda-planner-semanal","status":"publish","type":"product","link":"https:\/\/carimboletterpress.com.br\/loja\/produto\/agenda-planner-semanal\/","title":{"rendered":"Agenda Planner Semanal"},"content":{"rendered":"<div class=\"wpb-content-wrapper\"><p>[vc_row][vc_column][vc_column_text]Planejador anal\u00f3gico perp\u00e9tuo semanal \u2013\u00a0Produ\u00e7\u00e3o artesanal<br \/>\nFormato fechado: 15 x 22 cm \/ Formato aberto: 30 x 22 cm<br \/>\nCapa em Color Plus T\u00f3kio 240 g\/m\u00b2 com impress\u00e3o em letterpress e tipos m\u00f3veis de metal.<br \/>\nMiolo com 60 p\u00e1ginas (57 semanas) com impress\u00e3o Risogr\u00e1fica em papel off white 90 g\/m\u00b2.[\/vc_column_text][\/vc_column][\/vc_row]<\/p>\n<\/div>","protected":false},"excerpt":{"rendered":"<p class=\"card-text\">Com miolo de 57 semanas \u2013 d\u00e1 para mais de um ano \u2013, nosso planner \u00e9 perfeito para quem acredita que, se agenda de celular fosse boa de verdade, a vida j\u00e1 estaria em ordem!<\/p>\n<p>Precisa organizar a rotina para que seu dia a dia fique mais produtivo? O planner semanal \u00e9 um jeito pr\u00e1tico de voc\u00ea anotar objetivos e compromissos, ordenando sua vida pessoal ou profissional em listas que facilitam a realiza\u00e7\u00e3o de tarefas.<\/p>\n<p>Costurada \u00e0 m\u00e3o e com impress\u00e3o em papel off white de 80 g\/m\u00b2, nossa agenda planner n\u00e3o tem calend\u00e1rio pr\u00e9-definido: voc\u00ea inicia sua jornada de organiza\u00e7\u00e3o quando quiser. De quebra, ela tem um ar vintage que vai deixa sua rotina de organiza\u00e7\u00e3o muito mais interessante.<\/p>\n<p>Produto criado e impresso pela Carimbo Letterpress. Aqui tem papelaria criativa e artesanal. [&#8230;]<\/p>\n<p class=\"m-0\"><a class=\"btn btn-outline-secondary btn-read-more\" href=\"https:\/\/carimboletterpress.com.br\/loja\/produto\/agenda-planner-semanal\/\">Read More<\/a><\/p>\n","protected":false},"featured_media":746,"template":"","meta":[],"product_brand":[],"product_cat":[19],"product_tag":[],"class_list":{"0":"post-793","1":"product","2":"type-product","3":"status-publish","4":"has-post-thumbnail","6":"product_cat-caderninhos","8":"first","9":"instock","10":"shipping-taxable","11":"purchasable","12":"product-type-simple"},"_links":{"self":[{"href":"https:\/\/carimboletterpress.com.br\/loja\/wp-json\/wp\/v2\/product\/793","targetHints":{"allow":["GET"]}}],"collection":[{"href":"https:\/\/carimboletterpress.com.br\/loja\/wp-json\/wp\/v2\/product"}],"about":[{"href":"https:\/\/carimboletterpress.com.br\/loja\/wp-json\/wp\/v2\/types\/product"}],"wp:featuredmedia":[{"embeddable":true,"href":"https:\/\/carimboletterpress.com.br\/loja\/wp-json\/wp\/v2\/media\/746"}],"wp:attachment":[{"href":"https:\/\/carimboletterpress.com.br\/loja\/wp-json\/wp\/v2\/media?parent=793"}],"wp:term":[{"taxonomy":"product_brand","embeddable":true,"href":"https:\/\/carimboletterpress.com.br\/loja\/wp-json\/wp\/v2\/product_brand?post=793"},{"taxonomy":"product_cat","embeddable":true,"href":"https:\/\/carimboletterpress.com.br\/loja\/wp-json\/wp\/v2\/product_cat?post=793"},{"taxonomy":"product_tag","embeddable":true,"href":"https:\/\/carimboletterpress.com.br\/loja\/wp-json\/wp\/v2\/product_tag?post=793"}],"curies":[{"name":"wp","href":"https:\/\/api.w.org\/{rel}","templated":true}]}}