{"id":816,"date":"2019-02-05T14:10:17","date_gmt":"2019-02-05T16:10:17","guid":{"rendered":"https:\/\/carimboletterpress.com.br\/loja\/?post_type=product&#038;p=816"},"modified":"2025-10-09T12:35:00","modified_gmt":"2025-10-09T15:35:00","slug":"cartoes-modelos","status":"publish","type":"product","link":"https:\/\/carimboletterpress.com.br\/loja\/produto\/cartoes-modelos\/","title":{"rendered":"Cart\u00f5es | modelos"},"content":{"rendered":"<p>ATEN\u00c7\u00c3O: este produto \u00e9 feito sob encomenda. Voc\u00ea escolhe um dos modelos dispon\u00edveis para ser personalizado com seus pr\u00f3prios dados e informa\u00e7\u00f5es.<\/p>\n<p>Ao fazer a compra n\u00f3s entraremos em contato para dar in\u00edcio \u00e0 etapa de customiza\u00e7\u00e3o e aprova\u00e7\u00e3o da arte do seu cart\u00e3o.<\/p>\n<p>Prazo para postagem: 15 dias \u00fateis \u00e0 partir da aprova\u00e7\u00e3o da arte-final.<\/p>\n","protected":false},"excerpt":{"rendered":"<p class=\"card-text\">Escolha seu modelo que n\u00f3s cuidamos do resto! \ud83d\ude09<\/p>\n<p>\u2022 Impress\u00e3o em Preto (somente frente)<br \/>\n\u2022 Tamanho: 8,0 x 5,0 cm<br \/>\n\u2022 Papel especial off white 500g<br \/>\n\u2022 Quantidade: 100 ou 200 unidades [&#8230;]<\/p>\n<p class=\"m-0\"><a class=\"btn btn-outline-secondary btn-read-more\" href=\"https:\/\/carimboletterpress.com.br\/loja\/produto\/cartoes-modelos\/\">Read More<\/a><\/p>\n","protected":false},"featured_media":797,"template":"","meta":[],"product_brand":[],"product_cat":[21],"product_tag":[],"class_list":{"0":"post-816","1":"product","2":"type-product","3":"status-publish","4":"has-post-thumbnail","6":"product_cat-cartoes","8":"first","9":"instock","10":"featured","11":"shipping-taxable","12":"purchasable","13":"product-type-variable","14":"has-default-attributes"},"_links":{"self":[{"href":"https:\/\/carimboletterpress.com.br\/loja\/wp-json\/wp\/v2\/product\/816","targetHints":{"allow":["GET"]}}],"collection":[{"href":"https:\/\/carimboletterpress.com.br\/loja\/wp-json\/wp\/v2\/product"}],"about":[{"href":"https:\/\/carimboletterpress.com.br\/loja\/wp-json\/wp\/v2\/types\/product"}],"wp:featuredmedia":[{"embeddable":true,"href":"https:\/\/carimboletterpress.com.br\/loja\/wp-json\/wp\/v2\/media\/797"}],"wp:attachment":[{"href":"https:\/\/carimboletterpress.com.br\/loja\/wp-json\/wp\/v2\/media?parent=816"}],"wp:term":[{"taxonomy":"product_brand","embeddable":true,"href":"https:\/\/carimboletterpress.com.br\/loja\/wp-json\/wp\/v2\/product_brand?post=816"},{"taxonomy":"product_cat","embeddable":true,"href":"https:\/\/carimboletterpress.com.br\/loja\/wp-json\/wp\/v2\/product_cat?post=816"},{"taxonomy":"product_tag","embeddable":true,"href":"https:\/\/carimboletterpress.com.br\/loja\/wp-json\/wp\/v2\/product_tag?post=816"}],"curies":[{"name":"wp","href":"https:\/\/api.w.org\/{rel}","templated":true}]}}