{"id":91,"date":"2018-11-13T15:39:56","date_gmt":"2018-11-13T17:39:56","guid":{"rendered":"https:\/\/carimboletterpress.com.br\/loja\/?post_type=product&#038;p=91"},"modified":"2018-11-13T18:47:45","modified_gmt":"2018-11-13T20:47:45","slug":"hey-ho-lets-go","status":"publish","type":"product","link":"https:\/\/carimboletterpress.com.br\/loja\/produto\/hey-ho-lets-go\/","title":{"rendered":"Hey Ho Let&#8217;s Go"},"content":{"rendered":"<p>&nbsp;<\/p>\n<p>Formato: 32,5 x 49 cm<br \/>\nPapel: Bamboo 250 g\/m\u00b2<br \/>\nAssinatura do est\u00fadio em baixo relevo sem tinta<\/p>\n","protected":false},"excerpt":{"rendered":"<p class=\"card-text\">Trecho da m\u00fasica Blitzkrieg Bop dos Ramones, uma das mais famosas frases do punk rock. Grito de guerra de gera\u00e7\u00f5es! Erga o punho e cante junto.<\/p>\n<p>Impress\u00e3o em letterpress com tipos m\u00f3veis de madeira e metal, em duas cores. [&#8230;]<\/p>\n<p class=\"m-0\"><a class=\"btn btn-outline-secondary btn-read-more\" href=\"https:\/\/carimboletterpress.com.br\/loja\/produto\/hey-ho-lets-go\/\">Read More<\/a><\/p>\n","protected":false},"featured_media":545,"template":"","meta":[],"product_brand":[],"product_cat":[16],"product_tag":[],"class_list":{"0":"post-91","1":"product","2":"type-product","3":"status-publish","4":"has-post-thumbnail","6":"product_cat-cartazes","8":"first","9":"instock","10":"featured","11":"shipping-taxable","12":"purchasable","13":"product-type-simple"},"_links":{"self":[{"href":"https:\/\/carimboletterpress.com.br\/loja\/wp-json\/wp\/v2\/product\/91","targetHints":{"allow":["GET"]}}],"collection":[{"href":"https:\/\/carimboletterpress.com.br\/loja\/wp-json\/wp\/v2\/product"}],"about":[{"href":"https:\/\/carimboletterpress.com.br\/loja\/wp-json\/wp\/v2\/types\/product"}],"wp:featuredmedia":[{"embeddable":true,"href":"https:\/\/carimboletterpress.com.br\/loja\/wp-json\/wp\/v2\/media\/545"}],"wp:attachment":[{"href":"https:\/\/carimboletterpress.com.br\/loja\/wp-json\/wp\/v2\/media?parent=91"}],"wp:term":[{"taxonomy":"product_brand","embeddable":true,"href":"https:\/\/carimboletterpress.com.br\/loja\/wp-json\/wp\/v2\/product_brand?post=91"},{"taxonomy":"product_cat","embeddable":true,"href":"https:\/\/carimboletterpress.com.br\/loja\/wp-json\/wp\/v2\/product_cat?post=91"},{"taxonomy":"product_tag","embeddable":true,"href":"https:\/\/carimboletterpress.com.br\/loja\/wp-json\/wp\/v2\/product_tag?post=91"}],"curies":[{"name":"wp","href":"https:\/\/api.w.org\/{rel}","templated":true}]}}